{"id":978,"date":"2026-02-05T18:23:48","date_gmt":"2026-02-05T16:23:48","guid":{"rendered":"https:\/\/palus.vdizains.com\/?page_id=978"},"modified":"2026-03-17T18:56:03","modified_gmt":"2026-03-17T16:56:03","slug":"forest-inventory-latvia","status":"publish","type":"page","link":"https:\/\/palus.vdizains.com\/en\/forest-inventory-latvia\/","title":{"rendered":"Forest Inventory Services"},"content":{"rendered":"","protected":false},"excerpt":{"rendered":"<p>Kvalitat\u012bvi veikta me\u017ea inventariz\u0101cija ir pamats katram ilgtsp\u0113j\u012bgam me\u017ea \u012bpa\u0161umam. T\u0101 sniedz prec\u012bzu priek\u0161statu par me\u017ea resursiem, pal\u012bdz pl\u0101not me\u017ea apsaimnieko\u0161anu un saglab\u0101 \u012bpa\u0161uma v\u0113rt\u012bbu ilgtermi\u0146\u0101.<\/p>\n","protected":false},"author":1,"featured_media":979,"parent":0,"menu_order":0,"comment_status":"closed","ping_status":"closed","template":"templates\/default.php","meta":{"_acf_changed":false},"class_list":["post-978","page","type-page","status-publish","has-post-thumbnail","hentry"],"acf":[],"_links":{"self":[{"href":"https:\/\/palus.vdizains.com\/en\/wp-json\/wp\/v2\/pages\/978","targetHints":{"allow":["GET"]}}],"collection":[{"href":"https:\/\/palus.vdizains.com\/en\/wp-json\/wp\/v2\/pages"}],"about":[{"href":"https:\/\/palus.vdizains.com\/en\/wp-json\/wp\/v2\/types\/page"}],"author":[{"embeddable":true,"href":"https:\/\/palus.vdizains.com\/en\/wp-json\/wp\/v2\/users\/1"}],"replies":[{"embeddable":true,"href":"https:\/\/palus.vdizains.com\/en\/wp-json\/wp\/v2\/comments?post=978"}],"version-history":[{"count":0,"href":"https:\/\/palus.vdizains.com\/en\/wp-json\/wp\/v2\/pages\/978\/revisions"}],"wp:featuredmedia":[{"embeddable":true,"href":"https:\/\/palus.vdizains.com\/en\/wp-json\/wp\/v2\/media\/979"}],"wp:attachment":[{"href":"https:\/\/palus.vdizains.com\/en\/wp-json\/wp\/v2\/media?parent=978"}],"curies":[{"name":"wp","href":"https:\/\/api.w.org\/{rel}","templated":true}]}}