{"id":1061,"date":"2026-01-27T15:43:20","date_gmt":"2026-01-27T13:43:20","guid":{"rendered":"https:\/\/palus.vdizains.com\/?page_id=1061"},"modified":"2026-03-18T11:08:52","modified_gmt":"2026-03-18T09:08:52","slug":"home","status":"publish","type":"page","link":"https:\/\/palus.vdizains.com\/en\/","title":{"rendered":"Homepage"},"content":{"rendered":"","protected":false},"excerpt":{"rendered":"<p>Me\u017ea st\u0101d\u012b\u0161ana, me\u017eizstr\u0101de un atme\u017eo\u0161ana vis\u0101 Latvij\u0101.<\/p>\n","protected":false},"author":1,"featured_media":1060,"parent":0,"menu_order":0,"comment_status":"closed","ping_status":"closed","template":"templates\/homepage.php","meta":{"_acf_changed":false},"class_list":["post-1061","page","type-page","status-publish","has-post-thumbnail","hentry"],"acf":[],"_links":{"self":[{"href":"https:\/\/palus.vdizains.com\/en\/wp-json\/wp\/v2\/pages\/1061","targetHints":{"allow":["GET"]}}],"collection":[{"href":"https:\/\/palus.vdizains.com\/en\/wp-json\/wp\/v2\/pages"}],"about":[{"href":"https:\/\/palus.vdizains.com\/en\/wp-json\/wp\/v2\/types\/page"}],"author":[{"embeddable":true,"href":"https:\/\/palus.vdizains.com\/en\/wp-json\/wp\/v2\/users\/1"}],"replies":[{"embeddable":true,"href":"https:\/\/palus.vdizains.com\/en\/wp-json\/wp\/v2\/comments?post=1061"}],"version-history":[{"count":0,"href":"https:\/\/palus.vdizains.com\/en\/wp-json\/wp\/v2\/pages\/1061\/revisions"}],"wp:featuredmedia":[{"embeddable":true,"href":"https:\/\/palus.vdizains.com\/en\/wp-json\/wp\/v2\/media\/1060"}],"wp:attachment":[{"href":"https:\/\/palus.vdizains.com\/en\/wp-json\/wp\/v2\/media?parent=1061"}],"curies":[{"name":"wp","href":"https:\/\/api.w.org\/{rel}","templated":true}]}}